{"id":513,"date":"2019-02-19T17:40:02","date_gmt":"2019-02-19T22:40:02","guid":{"rendered":"http:\/\/1570.ca\/fndemo\/?page_id=513"},"modified":"2023-04-12T21:19:14","modified_gmt":"2023-04-13T02:19:14","slug":"accueil-2","status":"publish","type":"page","link":"https:\/\/1570.ca\/","title":{"rendered":"ACCUEIL"},"content":{"rendered":"<h2><strong><a href=\"http:\/\/centova.radioservers.biz:8264\/stream?type=http&amp;nocache=17\">\u00c9COUTER EN DIRECT<\/a><\/strong><\/h2>\n<figure><\/figure>\n<figure><img decoding=\"async\" loading=\"lazy\" class=\"wp-image-13452 alignleft\" src=\"http:\/\/1570.ca\/wp-content\/uploads\/2023\/04\/1570-AM-Le-Radio-de-vos-Souvenirs-300x218.jpg\" alt=\"\" width=\"377\" height=\"274\" srcset=\"https:\/\/1570.ca\/wp-content\/uploads\/2023\/04\/1570-AM-Le-Radio-de-vos-Souvenirs-300x218.jpg 300w, https:\/\/1570.ca\/wp-content\/uploads\/2023\/04\/1570-AM-Le-Radio-de-vos-Souvenirs-1024x745.jpg 1024w, https:\/\/1570.ca\/wp-content\/uploads\/2023\/04\/1570-AM-Le-Radio-de-vos-Souvenirs-768x559.jpg 768w, https:\/\/1570.ca\/wp-content\/uploads\/2023\/04\/1570-AM-Le-Radio-de-vos-Souvenirs-1536x1117.jpg 1536w, https:\/\/1570.ca\/wp-content\/uploads\/2023\/04\/1570-AM-Le-Radio-de-vos-Souvenirs.jpg 1650w\" sizes=\"(max-width: 377px) 100vw, 377px\" \/><\/figure>\n<figure><\/figure>\n<figure><\/figure>\n<figure><\/figure>\n<figure><img decoding=\"async\" src=\"http:\/\/1570.ca\/wp-content\/uploads\/2019\/01\/49795474_231643254414537_2662639145221881856_n.jpg\" alt=\"49795474_231643254414537_2662639145221881856_n\" \/><\/figure>\n<figure><img decoding=\"async\" src=\"http:\/\/1570.ca\/wp-content\/uploads\/2019\/02\/skyline-2338574_1920-nnnn.jpg\" alt=\"skyline-2338574_1920-nnnn\" \/><\/figure>\n<h2>\u00a0<\/h2>\n<h2><span class=\"Y2IQFc\" lang=\"fr\">\u00c0 propos de nous<\/span><\/h2>\n<p>CJLV est une station de radio canadienne\u00a0de langue fran\u00e7aise situ\u00e9e \u00e0 LaSalle, \u00e0 Montr\u00e9al, au Qu\u00e9bec. Radio Humsafar Inc est propri\u00e9taire de la station. Elle \u00e9met sur la fr\u00e9quence 1570 kHz avec une puissance de 10 000 watts jour et nuit, \u00e0 l\u2019aide d\u2019une antenne directionnelle pointant vers l\u2019est. Le signal de la station couvre enti\u00e8rement la r\u00e9gion du Grand Montr\u00e9al de jour et de nuit.<br \/>Au cours des dix derni\u00e8res ann\u00e9es, le format de la station a \u00e9t\u00e9 de jouer de la musique des succ\u00e8s classiques des ann\u00e9es 50 aux ann\u00e9es 80. Les grands succ\u00e8s Retro en fran\u00e7ais et en anglais partagent l\u2019espace de diffusion tout au long de la semaine, \u00e0 quelques exceptions pr\u00e8s.<\/p>\n<p><img decoding=\"async\" loading=\"lazy\" src=\"http:\/\/1570.ca\/wp-content\/uploads\/2019\/01\/canada-1-350.png\" sizes=\"(max-width: 231px) 100vw, 231px\" srcset=\"https:\/\/1570.ca\/wp-content\/uploads\/2019\/01\/canada-1-350.png 231w, https:\/\/1570.ca\/wp-content\/uploads\/2019\/01\/canada-1-350-198x300.png 198w\" alt=\"\" width=\"231\" height=\"350\" \/><\/p>\n\n\n<p><\/p>\n","protected":false},"excerpt":{"rendered":"<p>\u00c9COUTER EN DIRECT \u00a0 \u00c0 propos de nous CJLV est une station de radio canadienne\u00a0de langue fran\u00e7aise situ\u00e9e \u00e0 LaSalle, \u00e0 Montr\u00e9al, au Qu\u00e9bec. Radio Humsafar Inc est propri\u00e9taire de la station. Elle \u00e9met sur la fr\u00e9quence 1570 kHz avec une puissance de 10 000 watts jour et nuit, \u00e0 l\u2019aide d\u2019une antenne directionnelle pointant [&hellip;]<\/p>\n","protected":false},"author":1,"featured_media":0,"parent":0,"menu_order":0,"comment_status":"closed","ping_status":"closed","template":"","meta":{"footnotes":""},"_links":{"self":[{"href":"https:\/\/1570.ca\/index.php?rest_route=\/wp\/v2\/pages\/513"}],"collection":[{"href":"https:\/\/1570.ca\/index.php?rest_route=\/wp\/v2\/pages"}],"about":[{"href":"https:\/\/1570.ca\/index.php?rest_route=\/wp\/v2\/types\/page"}],"author":[{"embeddable":true,"href":"https:\/\/1570.ca\/index.php?rest_route=\/wp\/v2\/users\/1"}],"replies":[{"embeddable":true,"href":"https:\/\/1570.ca\/index.php?rest_route=%2Fwp%2Fv2%2Fcomments&post=513"}],"version-history":[{"count":33,"href":"https:\/\/1570.ca\/index.php?rest_route=\/wp\/v2\/pages\/513\/revisions"}],"predecessor-version":[{"id":13457,"href":"https:\/\/1570.ca\/index.php?rest_route=\/wp\/v2\/pages\/513\/revisions\/13457"}],"wp:attachment":[{"href":"https:\/\/1570.ca\/index.php?rest_route=%2Fwp%2Fv2%2Fmedia&parent=513"}],"curies":[{"name":"wp","href":"https:\/\/api.w.org\/{rel}","templated":true}]}}